{"id":3387,"date":"2019-04-06T19:23:56","date_gmt":"2019-04-06T17:23:56","guid":{"rendered":"http:\/\/194.249.2.114\/brinke.si\/?page_id=3387"},"modified":"2019-04-06T19:23:56","modified_gmt":"2019-04-06T17:23:56","slug":"kronika-2019","status":"publish","type":"page","link":"http:\/\/www.brinke.si\/?page_id=3387","title":{"rendered":"Kronika 2019"},"content":{"rendered":"<p style=\"text-align: center;\"><strong>JANUAR<\/strong><\/p>\n<p style=\"text-align: justify;\">Komaj smo stopili v novo leto, so se \u017ee pospe\u0161eno za\u010dele priprave na prvi, bo\u017ei\u010dni koncert v leto\u0161njem letu. Za\u010delo se je z dopisovanjem med Jolando, gospo Germano Leben iz MoPZ Menge\u0161, gospodom \u017eupnikom in menoj. Zdelo se mi je, da vse poteka s svetlobno hitrostjo in zgodil se je &#8216;Ta 6. januar&#8217; ob 19.00 uri. Gostiteljice Brinke in \u017dupnijska cerkev tudi Sv.Mihaela, tokrat iz Grosuplja. In najve\u010dja te\u017eava, bolezen, je kosila v vrstah na\u0161ih pevk. Zbolela je zborovodkinja Tina, Jolanda je imela hudo vnetje o\u010desa in je na koncert sploh ni bilo zaradi hudih bole\u010din, Ivica je komaj stala na nogah zaradi visoke temperature. Tudi Vidka je imela zdravstvene te\u017eave in tudi Teja, ki je tudi ni bilo. Zaradi \u00bbbolezni v ansamblu\u00ab smo zapele samo tri pesmi, na\u0161i gosti pa so tudi tokrat zapeli enak repertoar kot v Meng\u0161u. Po koncertu so bili na\u0161i zvesti poslu\u0161alci zelo razo\u010darani, da niso sli\u0161ali ve\u010d bo\u017ei\u010dnih pesmi. In koncertu je sledilo dru\u017eenje, raz\u0161li smo se kot dobri prijatelji in si obljubili \u0161e kak\u0161en skupen nastop. Nato je nekaj vaj odpadlo zaradi bolezni na\u0161ih pevk.<\/p>\n<p style=\"text-align: justify;\"><b>21., 28., in 31. januar<\/b><br \/>\nKon\u010dno smo se zopet dobile na vajah, 31.1. pa smo praznovale 10. rojstni dan.<\/p>\n<p style=\"text-align: center;\"><strong>FEBRUAR<\/strong><\/p>\n<p style=\"text-align: justify;\"><b>4. februar, 11. februar<\/b><br \/>\nVaje.<\/p>\n<p style=\"text-align: justify;\"><b>18. in 25. februar<\/b><br \/>\nVaje odpadle, ker je nekaj pevk zbolelo.<\/p>\n<p style=\"text-align: justify;\"><b>28. februar<\/b><br \/>\n&#8230;In kon\u010dno smo se sestavile in zbrale skupaj.<\/p>\n<p style=\"text-align: center;\"><strong>MAREC<\/strong><\/p>\n<p style=\"text-align: justify;\"><b>4. marec<\/b><br \/>\nVaje.<\/p>\n<p style=\"text-align: justify;\"><b>18. marec<\/b><br \/>\nVaja in ob\u010dni zbor, kjer je Vidka pevke seznanila s finan\u010dnim stanjem skupine. Bilo bi potrebno imeti tudi ob\u010dni zbor dru\u0161tva, vendar se mo\u0161ka zasedba \u0161e vedno ni formirala.<\/p>\n<p style=\"text-align: justify;\"><b>25. marec<\/b><br \/>\nVaje.<\/p>\n<p style=\"text-align: justify;\"><b>27. marec<\/b><br \/>\nkoncert v Domu starej\u0161ih ob\u010danov na Vidmu ob 16.30 uri. Prijazna terapevtka nas je sprejela v preddverju doma in pospremila do prostora, kjer smo povadile program, ki je bil sestavljen iz na\u0161ega programa za letni koncert, ki bo v mesecu maju. Tudi tokrat so bili na\u0161i hvale\u017eni poslu\u0161alci oskrbovanci doma. Nekaterim so bile pesmi znane, Jolanda pa je pripravila prisr\u010den vezni tekst, ki se je navezoval na vsebino pesmi, ki smo jih prepevale, zato so \u0161e bolj zavzeto sledili besedilom pesmi in na\u0161e petje jim je na obraz privabljalo nasmeh. Lepo nam je bilo v njihovi dru\u017ebi.<\/p>\n<p style=\"text-align: center;\"><strong>APRIL<\/strong><\/p>\n<p style=\"text-align: justify;\">Med Brinke se je prikradla nervoza. Bli\u017ea se letni koncert, 10. obletnica skupine. \u0160e veliko je za postoriti, priprave so v teku.<\/p>\n<p style=\"text-align: justify;\"><b>1. april<\/b><br \/>\nVaje.<\/p>\n<p style=\"text-align: justify;\"><b>6. april<\/b><br \/>\nIntenzivne vaje. Pojemo z zaprtimi o\u010dmi, na pamet, Tina opozarja na napake, ki se jih ne moremo znebiti. Ampak se ne damo, koncert mora biti brezhibno izveden. Z velikim veseljem smo sprejele Dominika Krta, ki nas bo spremljaj pri zadnji zapeti pesmi (ven\u010dkom popevk), ki ga je pripravila Tina. Super bo in Dominik Krt je zelo zabaven. 10-letnica Brink bi ne mogla biti brez njegovega sodelovanja. Po vajah je bila spet tema koncert in sestavljali so se detajli scenarija koncerta. Avtorji: Tamara, Vidka, Jolanda, Biserka J. in Biserka K., Ur\u0161a, Brigita in seveda Dominik s svojimi izku\u0161njami. Prepri\u010dana sem, da nam bo uspelo. Vse Brinke, zaposlene in upokojene, pa vse zelo zasedene v aprilu in maju. Naj mine.<\/p>\n","protected":false},"excerpt":{"rendered":"<p>JANUAR Komaj smo stopili v novo leto, so se \u017ee pospe\u0161eno za\u010dele priprave na prvi, bo\u017ei\u010dni koncert v leto\u0161njem letu. Za\u010delo se je z dopisovanjem med Jolando, gospo Germano Leben iz MoPZ Menge\u0161, gospodom \u017eupnikom in menoj. Zdelo se mi &hellip; <a href=\"http:\/\/www.brinke.si\/?page_id=3387\">Beri naprej <span class=\"meta-nav\">&rarr;<\/span><\/a><\/p>\n","protected":false},"author":4,"featured_media":0,"parent":0,"menu_order":0,"comment_status":"closed","ping_status":"closed","template":"","meta":{"ngg_post_thumbnail":0,"footnotes":""},"class_list":["post-3387","page","type-page","status-publish","hentry"],"_links":{"self":[{"href":"http:\/\/www.brinke.si\/index.php?rest_route=\/wp\/v2\/pages\/3387","targetHints":{"allow":["GET"]}}],"collection":[{"href":"http:\/\/www.brinke.si\/index.php?rest_route=\/wp\/v2\/pages"}],"about":[{"href":"http:\/\/www.brinke.si\/index.php?rest_route=\/wp\/v2\/types\/page"}],"author":[{"embeddable":true,"href":"http:\/\/www.brinke.si\/index.php?rest_route=\/wp\/v2\/users\/4"}],"replies":[{"embeddable":true,"href":"http:\/\/www.brinke.si\/index.php?rest_route=%2Fwp%2Fv2%2Fcomments&post=3387"}],"version-history":[{"count":1,"href":"http:\/\/www.brinke.si\/index.php?rest_route=\/wp\/v2\/pages\/3387\/revisions"}],"predecessor-version":[{"id":3388,"href":"http:\/\/www.brinke.si\/index.php?rest_route=\/wp\/v2\/pages\/3387\/revisions\/3388"}],"wp:attachment":[{"href":"http:\/\/www.brinke.si\/index.php?rest_route=%2Fwp%2Fv2%2Fmedia&parent=3387"}],"curies":[{"name":"wp","href":"https:\/\/api.w.org\/{rel}","templated":true}]}}