{"id":26,"date":"2013-04-23T09:01:00","date_gmt":"2013-04-23T09:01:00","guid":{"rendered":"http:\/\/194.249.0.48\/wpteja\/?page_id=26"},"modified":"2022-09-24T22:20:51","modified_gmt":"2022-09-24T20:20:51","slug":"vodja","status":"publish","type":"page","link":"http:\/\/www.brinke.si\/?page_id=26","title":{"rendered":"Zborovodkinja"},"content":{"rendered":"<p><strong>ngg_shortcode_0_placeholder<br \/>\n<\/strong><\/p>\n<p style=\"text-align: justify;\">\u017densko vokalno skupino Brinke vodi Petra Frece \u0160ilak.<\/p>\n<p>Petra je diplomirala na <a href=\"http:\/\/www.ff.uni-lj.si\">Filozofski fakulteti Univerze v Ljubljani<\/a>, kjer je \u0161tudirala muzikologijo. Poleg kon\u010danega \u0161tudija muzikologije je zaklju\u010dila petje na <a href=\"http:\/\/www.kgbl.si\/\">Konservatoriju za glasbo in Balet v Ljubljani<\/a>.&nbsp; Ob \u0161tudiju se je udejstvovala na podro\u010dju kulture v <a href=\"http:\/\/www.apz-tt.si\/\">Akademskem pevskem zboru Tone Tom\u0161i\u010d Univerze v Lj<\/a><a href=\"http:\/\/www.apz-tt.si\/\">ubljani,<\/a> kjer je bila tudi predstavnica za stike z javnostmi in tajnica. Veliko delovnih izku\u0161enj si je pridobila v<a href=\"https:\/\/www.cd-cc.si\/sl\/ostalo\/dvorane\/galerija-cd\"> Galeriji Cankarjevega doma<\/a>, kjer je sodelovala pri organiziranju dogodkov, pripravi novinarskih konferenc, vodenju razstav in delavnic za otroke.<\/p>\n<p>&nbsp;<\/p>\n","protected":false},"excerpt":{"rendered":"<p>\u017densko vokalno skupino Brinke vodi Petra Frece \u0160ilak. Petra je diplomirala na Filozofski fakulteti Univerze v Ljubljani, kjer je \u0161tudirala muzikologijo. Poleg kon\u010danega \u0161tudija muzikologije je zaklju\u010dila petje na Konservatoriju za glasbo in Balet v Ljubljani.&nbsp; Ob \u0161tudiju se je &hellip; <a href=\"http:\/\/www.brinke.si\/?page_id=26\">Beri naprej <span class=\"meta-nav\">&rarr;<\/span><\/a><\/p>\n","protected":false},"author":3,"featured_media":0,"parent":22,"menu_order":0,"comment_status":"closed","ping_status":"closed","template":"","meta":{"ngg_post_thumbnail":0,"footnotes":""},"class_list":["post-26","page","type-page","status-publish","hentry"],"_links":{"self":[{"href":"http:\/\/www.brinke.si\/index.php?rest_route=\/wp\/v2\/pages\/26","targetHints":{"allow":["GET"]}}],"collection":[{"href":"http:\/\/www.brinke.si\/index.php?rest_route=\/wp\/v2\/pages"}],"about":[{"href":"http:\/\/www.brinke.si\/index.php?rest_route=\/wp\/v2\/types\/page"}],"author":[{"embeddable":true,"href":"http:\/\/www.brinke.si\/index.php?rest_route=\/wp\/v2\/users\/3"}],"replies":[{"embeddable":true,"href":"http:\/\/www.brinke.si\/index.php?rest_route=%2Fwp%2Fv2%2Fcomments&post=26"}],"version-history":[{"count":15,"href":"http:\/\/www.brinke.si\/index.php?rest_route=\/wp\/v2\/pages\/26\/revisions"}],"predecessor-version":[{"id":3680,"href":"http:\/\/www.brinke.si\/index.php?rest_route=\/wp\/v2\/pages\/26\/revisions\/3680"}],"up":[{"embeddable":true,"href":"http:\/\/www.brinke.si\/index.php?rest_route=\/wp\/v2\/pages\/22"}],"wp:attachment":[{"href":"http:\/\/www.brinke.si\/index.php?rest_route=%2Fwp%2Fv2%2Fmedia&parent=26"}],"curies":[{"name":"wp","href":"https:\/\/api.w.org\/{rel}","templated":true}]}}