{"id":211,"date":"2013-04-28T20:34:43","date_gmt":"2013-04-28T18:34:43","guid":{"rendered":"http:\/\/194.249.0.48\/wpteja\/?page_id=211"},"modified":"2026-03-12T17:06:28","modified_gmt":"2026-03-12T16:06:28","slug":"arhiv","status":"publish","type":"page","link":"http:\/\/www.brinke.si\/?page_id=211","title":{"rendered":"Arhiv nastopov"},"content":{"rendered":"<style><span style=\"display: inline-block; width: 0px; overflow: hidden; line-height: 0;\" data-mce-type=\"bookmark\" class=\"mce_SELRES_start\">\ufeff<\/span><span style=\"display: inline-block; width: 0px; overflow: hidden; line-height: 0;\" data-mce-type=\"bookmark\" class=\"mce_SELRES_start\">\ufeff<\/span><span style=\"display: inline-block; width: 0px; overflow: hidden; line-height: 0;\" data-mce-type=\"bookmark\" class=\"mce_SELRES_start\">\ufeff<\/span>table.brinke_history tr:nth-child(even) {background: #FFF}table.brinke_history tr:nth-child(odd) {background: #faa2ee}<\/style>\n<table class=\"brinke_history\">\n<tbody>\n<tr>\n<td><strong>Datum<\/strong><\/td>\n<td><strong>Lokacija<\/strong><\/td>\n<td><strong>Prireditev<\/strong><\/td>\n<\/tr>\n<tr>\n<td>4.3.2026<\/td>\n<td>DSO \u0160i\u0161ka<\/td>\n<td>Pomladni koncert<\/td>\n<\/tr>\n<tr>\n<td>8.1.2026<\/td>\n<td>\u017dupnija Grosuplje<\/td>\n<td>Bo\u017ei\u010dni koncert<\/td>\n<\/tr>\n<tr>\n<td>17.12.2025<\/td>\n<td>\u017dupnija Rakovnik<\/td>\n<td>Bo\u017ei\u010dni koncert<\/td>\n<\/tr>\n<tr>\n<td>25.10.2025<\/td>\n<td>Velika Ilova Gora<\/td>\n<td>Spominska slovesnost ZB<\/td>\n<\/tr>\n<tr>\n<td>27.9.2025<\/td>\n<td>Veliki Korinj<\/td>\n<td>Spominska slovesnost ZB<\/td>\n<\/tr>\n<tr>\n<td>24.9.2025<\/td>\n<td>DSO Dobrepolje<\/td>\n<td>Koncert<\/td>\n<\/tr>\n<tr>\n<td>20.6.2025<\/td>\n<td>Grosuplje<\/td>\n<td>Pod lipo<\/td>\n<\/tr>\n<tr>\n<td>7.6.2025<\/td>\n<td>Ljubljana-\u010crnu\u010de<\/td>\n<td>Gostje na koncertu mo\u0161ke zasedbe Oktetek<\/td>\n<\/tr>\n<tr>\n<td>16.5.2025<\/td>\n<td>\u0160entvid pri Sti\u010dni<\/td>\n<td>Revija odraslih pevskih skupin<\/td>\n<\/tr>\n<tr>\n<td>23.4.2025<\/td>\n<td>Grosuplje<\/td>\n<td>Spominska slovesnost ZB<\/td>\n<\/tr>\n<tr>\n<td>25.12.2024<\/td>\n<td>\u017dupnija \u0160entvid pri Sti\u010dni<\/td>\n<td>Gostje na koncertu mo\u0161ke zasedbe \u0160entvi\u0161ki slav\u010dki<\/td>\n<\/tr>\n<tr>\n<td>23.11.2024<\/td>\n<td>Festivalna dvorana<\/td>\n<td>Partizanska pesem<\/td>\n<\/tr>\n<tr>\n<td>17.11.2024<\/td>\n<td>Litija &#8211; Sozvo\u010denja<\/td>\n<td>Tekmovalni nastop<\/td>\n<\/tr>\n<tr>\n<td>15.11.2024<\/td>\n<td>DSO Notranje gorice<\/td>\n<td>Koncert<\/td>\n<\/tr>\n<tr>\n<td>28.9.2024<\/td>\n<td>Veliki Korinj<\/td>\n<td>Spominska slovesnost ZB<\/td>\n<\/tr>\n<tr>\n<td>21.6.2024<\/td>\n<td>Grosuplje<\/td>\n<td>Pod lipo<\/td>\n<\/tr>\n<tr>\n<td>23.5.2024<\/td>\n<td>Dru\u017ebeni dom<\/td>\n<td>Nastop ob zaklju\u010dku UT\u017dO<\/td>\n<\/tr>\n<tr>\n<td>9.5.2024<\/td>\n<td>Grosuplje<\/td>\n<td>Revija odraslih pevskih skupin<\/td>\n<\/tr>\n<tr>\n<td>26.4.2024<\/td>\n<td>Grosuplje<\/td>\n<td>Spominska slovesnost ob Dnevu OF<\/td>\n<\/tr>\n<tr>\n<td>17.4.2024<\/td>\n<td>Ljubljana-Trnovo<\/td>\n<td>Nastop ob 10-letnici MePz Trnovo<\/td>\n<\/tr>\n<tr>\n<td>23.3.2024<\/td>\n<td>Slovenski dom KPD Bazovica, Hrva\u0161ka<\/td>\n<td>Koncert<\/td>\n<\/tr>\n<tr>\n<td>7.2.2024<\/td>\n<td>Grosuplje<\/td>\n<td>Org. prireditve ob Kulturnem prazniku<\/td>\n<\/tr>\n<tr>\n<td>21.12.2023<\/td>\n<td>KD Trebnje<\/td>\n<td>Gostje Okteta<\/td>\n<\/tr>\n<tr>\n<td>17.12.2023<\/td>\n<td>Polhograjska gra\u0161\u010dina<\/td>\n<td>Nastop Mozzartovi dnevi<\/td>\n<\/tr>\n<tr>\n<td>28.10.2023<\/td>\n<td>\u017dupanova jama<\/td>\n<td>Koncert z odmevom<\/td>\n<\/tr>\n<tr>\n<td>23.9.2023<\/td>\n<td>Veliki Korinj<\/td>\n<td>Spominska slovesnost ZB<\/td>\n<\/tr>\n<tr>\n<td>16.9.2023<\/td>\n<td>Zavod za turizem Gros.<\/td>\n<td>Nastop Grosuplje v jeseni<\/td>\n<\/tr>\n<tr>\n<td>24.6.2023<\/td>\n<td>PGD Metnaj<\/td>\n<td>Nastop<\/td>\n<\/tr>\n<tr>\n<td>23.6.2023<\/td>\n<td>ZKD<\/td>\n<td>Pod lipo<\/td>\n<\/tr>\n<tr>\n<td>11.3.2023<\/td>\n<td>Grosuplje<\/td>\n<td>Letni koncert<\/td>\n<\/tr>\n<tr>\n<td>8.2.2023<\/td>\n<td>Grosuplje<\/td>\n<td>Nastop ob kulturnem prazniku<\/td>\n<\/tr>\n<tr>\n<td>7.1.2023<\/td>\n<td>\u017dupnija Grosuplje<\/td>\n<td>Bo\u017ei\u010dni koncert<\/td>\n<\/tr>\n<tr>\n<td>26.11.2022<\/td>\n<td>Festivalna dvorana<\/td>\n<td>Partizanska pesem<\/td>\n<\/tr>\n<tr>\n<td>22.10.2022<\/td>\n<td>\u0160entvid pri Sti\u010dni<\/td>\n<td>Revija odraslih pevskih skupin<\/td>\n<\/tr>\n<tr>\n<td>15.10.2022<\/td>\n<td>Velika Ilova Gora<\/td>\n<td>Spominska slovesnost ZB<\/td>\n<\/tr>\n<tr>\n<td>11.10.2022<\/td>\n<td>Mestna knji\u017enica<\/td>\n<td>Nastop na razstavi<\/td>\n<\/tr>\n<tr>\n<td>24.9.2022<\/td>\n<td>Veliki Korinj<\/td>\n<td>Spominska slovesnost ZB<\/td>\n<\/tr>\n<tr>\n<td>6.8.2022<\/td>\n<td>Hrva\u0161ka otok Krk<\/td>\n<td>Koncert<\/td>\n<\/tr>\n<tr>\n<td>24.6.2022<\/td>\n<td>Grosuplje<\/td>\n<td>Pod lipo<\/td>\n<\/tr>\n<tr>\n<td>27.4.2022<\/td>\n<td>Grosuplje<\/td>\n<td>Spominska slovesnost ZB<\/td>\n<\/tr>\n<tr>\n<td>23.4.2022<\/td>\n<td>Grosuplje<\/td>\n<td>Letni koncert<\/td>\n<\/tr>\n<tr>\n<td>27.3.2022<\/td>\n<td>Polhograjska gra\u0161\u010dina<\/td>\n<td>Nastop<\/td>\n<\/tr>\n<tr>\n<td>8.2.2022<\/td>\n<td>Dru\u017ebeni dom Grosuplje<\/td>\n<td>Nastop \u2013 predstavitev knjige<\/td>\n<\/tr>\n<tr>\n<td>15.1.2022<\/td>\n<td>\u017dupnija Rakovnik<\/td>\n<td>Bo\u017ei\u010dni koncert<\/td>\n<\/tr>\n<tr>\n<td>8.1.2022<\/td>\n<td>\u017dupnija Grosuplje<\/td>\n<td>Bo\u017ei\u010dni koncert<\/td>\n<\/tr>\n<tr>\n<td>26.12.2021<\/td>\n<td>\u017dupnija \u010crnu\u010de?<\/td>\n<td>Bo\u017ei\u010dni koncert<\/td>\n<\/tr>\n<tr>\n<td>19.12.2021<\/td>\n<td>Ljubljana-Kle\u010de<\/td>\n<td>Podoknica pri Teji<\/td>\n<\/tr>\n<tr>\n<td>20.11.2021<\/td>\n<td>Grosuplje<\/td>\n<td>Letni koncert<\/td>\n<\/tr>\n<tr>\n<td>23.10.2021<\/td>\n<td>Velika Ilova Gora<\/td>\n<td>Spominska slovesnost<\/td>\n<\/tr>\n<tr>\n<td>23.9.2021<\/td>\n<td>Dru\u017ebeni dom Grosuplje<\/td>\n<td>Povabilo SD<\/td>\n<\/tr>\n<tr>\n<td>18.9.2021<\/td>\n<td>Veliki Korinj<\/td>\n<td>Spominska slovesnost<\/td>\n<\/tr>\n<tr>\n<td>20.6.2023<\/td>\n<td>\u017dupanova jama<\/td>\n<td>koncert<\/td>\n<\/tr>\n<tr>\n<td>8.5.2021<\/td>\n<td>Kle\u010de<\/td>\n<td>50-letnica krajanke<\/td>\n<\/tr>\n<tr>\n<td>27.4.2021<\/td>\n<td>Snemanje za ZB<\/td>\n<td>Za virtualni posnetek 80 let OF<\/td>\n<\/tr>\n<tr>\n<td>marec 2021<\/td>\n<td>Pokopali\u0161\u010de Sto\u017eice<\/td>\n<td>Pogreb Tejine ta\u0161\u010de<\/td>\n<\/tr>\n<tr>\n<td>24.10.2020<\/td>\n<td>Grosuplje<\/td>\n<td>11. letni koncert<\/td>\n<\/tr>\n<tr>\n<td>27.2.2020<\/td>\n<td>Grosuplje<\/td>\n<td>Revija odraslih pevskih skupin<\/td>\n<\/tr>\n<tr>\n<td>7.1.2020<\/td>\n<td>DSO Dobrepolje<\/td>\n<td>Bo\u017ei\u010dni koncert<\/td>\n<\/tr>\n<tr>\n<td>6.1.2020<\/td>\n<td>\u017dupnija Rakovnik<\/td>\n<td>Bo\u017ei\u010dni koncert<\/td>\n<\/tr>\n<tr>\n<td>29.12.2019<\/td>\n<td>\u017dupnija Lj.-Je\u017eica<\/td>\n<td>Bo\u017ei\u010dni koncert<\/td>\n<\/tr>\n<tr>\n<td>26.12.2019<\/td>\n<td>\u017dupnijska cerkev Grosuplje<\/td>\n<td>Bo\u017ei\u010dni koncert<\/td>\n<\/tr>\n<tr>\n<td>25.10.2019<\/td>\n<td>\u0160entvid pri Sti\u010dni<\/td>\n<td>Revija odraslih pevskih skupin<\/td>\n<\/tr>\n<tr>\n<td>21.6.2019<\/td>\n<td>Grosuplje<\/td>\n<td>Sodelovanje zborov Pod lipo<\/td>\n<\/tr>\n<tr>\n<td>20.6.2019<\/td>\n<td>Grosuplje<\/td>\n<td>Nastop ob prazniku ob\u010dine Grosuplje<\/td>\n<\/tr>\n<tr>\n<td>15.6.2019<\/td>\n<td>Mekinje nad Sti\u010dno<\/td>\n<td>Nastop na povabilo PGD Mekinje<\/td>\n<\/tr>\n<tr>\n<td>11.5.2019<\/td>\n<td>Grosuplje<\/td>\n<td>Koncert ob 10. obletnici skupine<\/td>\n<\/tr>\n<tr>\n<td>27.3.2019<\/td>\n<td>DSO Dobrepolje<\/td>\n<td>Koncert<\/td>\n<\/tr>\n<tr>\n<td>6.1.2019<\/td>\n<td>\u017dupnijska cerkev Grosuplje<\/td>\n<td>Bo\u017ei\u010dni koncert z MePZ Svoboda Menge\u0161<\/td>\n<\/tr>\n<tr>\n<td>4.12.2018<\/td>\n<td>Festivalna dvorana, Ljubljana<\/td>\n<td>Nastop na dobrodelnem koncertu Pesem zate od srca do srca<\/td>\n<\/tr>\n<tr>\n<td>9.11.2018<\/td>\n<td>Ig<\/td>\n<td>Gostje ve\u010dernega koncerta Me\u0161anega pevskega zbora Dru\u0161tva upokojencev Ig<\/td>\n<\/tr>\n<tr>\n<td>19.10.2018<\/td>\n<td>Sora, Medvode<\/td>\n<td>Gostje na letnem koncertu kvarteta Fone Megale<\/td>\n<\/tr>\n<tr>\n<td>22.6.2018<\/td>\n<td>Grosuplje<\/td>\n<td>Nastop na prireditvi Ve\u010der pod lipo pred Glasbeno \u0161olo Grosuplje<\/td>\n<\/tr>\n<tr>\n<td>15.6.2018<\/td>\n<td>Ljubljana-\u0160entvid<\/td>\n<td>Koncert na povabilo Dru\u0161tva Bla\u017e Poto\u010dnikova \u010ditalnica<\/td>\n<\/tr>\n<tr>\n<td>14.4.2018<\/td>\n<td>Dru\u017ebeni dom, Grosuplje<\/td>\n<td>9. letni koncert<\/td>\n<\/tr>\n<tr>\n<td>26.3.2018<\/td>\n<td>Grosuplje<\/td>\n<td>Nastop v Mestni knji\u017enici Grosuplje ob slikarski razstavi u\u010dencev Brine Torkar<\/td>\n<\/tr>\n<tr>\n<td>12.1.2018<\/td>\n<td>Ljubljana, \u017dale<\/td>\n<td>Pogreb Brigitinega mo\u017ea<\/td>\n<\/tr>\n<tr>\n<td>25.10.2017<\/td>\n<td>Notranje Gorice<\/td>\n<td>Koncert v DSO Notranje Gorice<\/td>\n<\/tr>\n<tr>\n<td>1.-4.6.2017<\/td>\n<td>Srbija<\/td>\n<td>Gostovanje pri zamejcih v Novem Sadu, Zrenjaninu&#8230;<\/td>\n<\/tr>\n<tr>\n<td>19.5.2017<\/td>\n<td>Pivka<\/td>\n<td>Gostje na koncertu &#8216;Maj je cvetel&#8217; pevske skupine Studenec<\/td>\n<\/tr>\n<tr>\n<td>6.5.2017<\/td>\n<td>Dru\u017ebeni dom, Grosuplje<\/td>\n<td>8. letni koncert<\/td>\n<\/tr>\n<tr>\n<td>27.4.2017<\/td>\n<td>Grosuplje<\/td>\n<td>Po\u010dastitev Dneva upora proti okupatorju \u00bb\u0160e pomnimo\u00ab<\/td>\n<\/tr>\n<tr>\n<td>22.4.2017<\/td>\n<td>Mestni muzej Ljubljana<\/td>\n<td>Gostje na koncertu Seniorskega pevskega zbora Glasbene Matice<\/td>\n<\/tr>\n<tr>\n<td>16.2.2017<\/td>\n<td>Grosuplje<\/td>\n<td>Revija odraslih pevskih skupin<\/td>\n<\/tr>\n<tr>\n<td>8.2.2017<\/td>\n<td>Cerkev na Kopanju<\/td>\n<td>Koncert<\/td>\n<\/tr>\n<tr>\n<td>11.1.2017<\/td>\n<td>Ljubljana<\/td>\n<td>Koncert v DSO Trnovo<\/td>\n<\/tr>\n<tr>\n<td>19.11.2016<\/td>\n<td>Festivalna dvorana, Ljubljana<\/td>\n<td>Partizanska pesem, nastop<\/td>\n<\/tr>\n<tr>\n<td>15.10.2016<\/td>\n<td>Ro\u017eek (Rosseg)-Avstrija<\/td>\n<td>Nastop na prireditvi Dober ve\u010der sosed<\/td>\n<\/tr>\n<tr>\n<td>11.6.2016<\/td>\n<td>Grosuplje, dru\u017ebeni bom<\/td>\n<td>Letni koncert<\/td>\n<\/tr>\n<tr>\n<td>3.6.2016<\/td>\n<td>Grosuplje<\/td>\n<td>Nastop na letnem koncertu Grosupeljskega okteta<\/td>\n<\/tr>\n<tr>\n<td>28.5.2016<\/td>\n<td>\u0160marje-Sap<\/td>\n<td>Koncert Pod \u0160marsko lipo<\/td>\n<\/tr>\n<tr>\n<td>15.5.2016<\/td>\n<td>Litija<\/td>\n<td>Spominska sve\u010danost na Geossu-odkritje spominske plo\u0161\u010de<\/td>\n<\/tr>\n<tr>\n<td>9.5.2016<\/td>\n<td>Ljubljana<\/td>\n<td>Koncert v DSO Fu\u017eine<\/td>\n<\/tr>\n<tr>\n<td>26.4.2016<\/td>\n<td>Grosuplje<\/td>\n<td>Po\u010dastitev Dneva upora proti okupatorju \u00bb\u0160e pomnimo\u00ab<\/td>\n<\/tr>\n<tr>\n<td>25.2.2016<\/td>\n<td>Grosuplje<\/td>\n<td>Revija odraslih pevskih skupin<\/td>\n<\/tr>\n<tr>\n<td>5.12.2015<\/td>\n<td>Radomlje<\/td>\n<td>Vin\u010dek nas razveseli, gostje na koncertu MOPZ Radomlje<\/td>\n<\/tr>\n<tr>\n<td>15.11.2015<\/td>\n<td>Logatec<\/td>\n<td>Regijsko tekmovanje pevskih zborov<\/td>\n<\/tr>\n<tr>\n<td>24.10.2015<\/td>\n<td>Kamnik<\/td>\n<td>Koncert<\/td>\n<\/tr>\n<tr>\n<td>10.9.2015<\/td>\n<td>Mestna knji\u017enica Grosuplje<\/td>\n<td>Otvoritev razstave<\/td>\n<\/tr>\n<tr>\n<td>13.6.2015<\/td>\n<td>Grosuplje<\/td>\n<td>Letni koncert<\/td>\n<\/tr>\n<tr>\n<td>22.5.2015<\/td>\n<td>Gra\u0161\u010dina Radovljica<\/td>\n<td>Nastop na koncertu kvinteta Tivoli<\/td>\n<\/tr>\n<tr>\n<td>24.4.2015<\/td>\n<td>Grosuplje<\/td>\n<td>Prireditev ob dnevu upora proti okupatorju<\/td>\n<\/tr>\n<tr>\n<td>11.4.2015<\/td>\n<td>Grosuplje pri Grilu<\/td>\n<td>Otvoritev \u0161torklji\u0161\u010da in genske banke<\/td>\n<\/tr>\n<tr>\n<td>12.2.2015<\/td>\n<td>Grosuplje<\/td>\n<td>Revija Pevskih zborov<\/td>\n<\/tr>\n<tr>\n<td>8.1.2015<\/td>\n<td>Onkolo\u0161ki in\u0161titut Ljubljana<\/td>\n<td>Bo\u017ei\u010dno novoletna zakuska- ponovitveni koncert<\/td>\n<\/tr>\n<tr>\n<td>4.1.2015<\/td>\n<td>cerkev Sv.Jo\u017eefa Ivan\u010dna gorica<\/td>\n<td>Bo\u017ei\u010dno novoletna zakuska- ponovitveni koncert<\/td>\n<\/tr>\n<tr>\n<td>27.12.2014<\/td>\n<td>Grosuplje<\/td>\n<td>Bo\u017ei\u010dno novoletna zakuska-koncert<\/td>\n<\/tr>\n<tr>\n<td>5.12.2014<\/td>\n<td>Grad Rajhenburg Bizeljsko<\/td>\n<td>Dobrodelni koncert<\/td>\n<\/tr>\n<tr>\n<td>4.12.2014<\/td>\n<td>Mestna knji\u017enica Grosuplje<\/td>\n<td>Koncert ob razstavi portretov<\/td>\n<\/tr>\n<tr>\n<td>5.7.2014<\/td>\n<td>Omi\u0161alj, otok Krk, Hrva\u0161ka<\/td>\n<td>Koncertno gostovanje<\/td>\n<\/tr>\n<tr>\n<td>24.6.2014<\/td>\n<td>Grosuplje<\/td>\n<td>Koncert Pod lipo<\/td>\n<\/tr>\n<tr>\n<td>22.6.2014<\/td>\n<td>\u017dupanova jama<\/td>\n<td>Koncert z odmevom<\/td>\n<\/tr>\n<tr>\n<td>29.5.2014<\/td>\n<td>Ljubljana<\/td>\n<td>Koncert v DSO Fu\u017eine<\/td>\n<\/tr>\n<tr>\n<td>23.5.2014<\/td>\n<td>Grosuplje<\/td>\n<td>Revija Pevskih zborov<\/td>\n<\/tr>\n<tr>\n<td>10.5.2014<\/td>\n<td>Grosuplje<\/td>\n<td>Koncert ob 5. obletnici delovanja Brink<\/td>\n<\/tr>\n<tr>\n<td>23.4.2014<\/td>\n<td>Grosuplje<\/td>\n<td>Predstavitev knjige Trenutki odlo\u010ditve<\/td>\n<\/tr>\n<tr>\n<td>15.4.2014<\/td>\n<td>Onkolo\u0161ki in\u0161titut Ljubljana<\/td>\n<td>Koncert<\/td>\n<\/tr>\n<tr>\n<td>28.3.2014<\/td>\n<td>\u0160entvid pri Sti\u010dni<\/td>\n<td>Koncert Pozdrav pomladi<\/td>\n<\/tr>\n<tr>\n<td>9.3.2014<\/td>\n<td>\u0160entvid pri Sti\u010dni<\/td>\n<td>Nastop na ob\u010dnem zboru DU \u0160entvid pri Sti\u010dni<\/td>\n<\/tr>\n<tr>\n<td>16.11.2013<\/td>\n<td>Festivalna dvorana, Ljubljana<\/td>\n<td>Festival partizanskih pesmi<\/td>\n<\/tr>\n<tr>\n<td>15.11.2013<\/td>\n<td>Grosuplje<\/td>\n<td>Nastop na koncertu \u0160entjurskih fantov<\/td>\n<\/tr>\n<tr>\n<td>10.11.2013<\/td>\n<td>Pame\u010de, Koro\u0161ka<\/td>\n<td>Nastop na prireditvi Mo\u0161t, vino in glasba<\/td>\n<\/tr>\n<tr>\n<td>19.10.2013<\/td>\n<td>Ljubljana<\/td>\n<td>Nastop ob odkritju spominske plo\u0161\u010de<\/td>\n<\/tr>\n<tr>\n<td>7.9.2013<\/td>\n<td>Kamnik<\/td>\n<td>Nastop na prireditvi Dnevi narodnih no\u0161<\/td>\n<\/tr>\n<tr>\n<td>24.8.2013<\/td>\n<td>\u010cren\u0161ovci, Prekmurje<\/td>\n<td>Nastop na Jenamena festu<\/td>\n<\/tr>\n<tr>\n<td>21.in 22.6.2013<\/td>\n<td>Omi\u0161alj, Krk, Hrva\u0161ka<\/td>\n<td>Gostovanje na Hrva\u0161kem<\/td>\n<\/tr>\n<tr>\n<td>7.6.2013<\/td>\n<td>Festivalna dvorana, Ljubljana<\/td>\n<td>Prireditev ob dogodku IPE<\/td>\n<\/tr>\n<tr>\n<td>25.5.2013<\/td>\n<td>Reka, Hrva\u0161ka<\/td>\n<td>Koncert za zamejske Slovence<\/td>\n<\/tr>\n<tr>\n<td>18.5.2013<\/td>\n<td>Grosuplje<\/td>\n<td>Letni koncert<\/td>\n<\/tr>\n<tr>\n<td>26.4.2013<\/td>\n<td>Grosuplje<\/td>\n<td>Prireditev ob dnevu upora proti okupatorju<\/td>\n<\/tr>\n<tr>\n<td>10.3.2013<\/td>\n<td>\u0160entvid pri Sti\u010dni<\/td>\n<td>Nastop ob letnem zboru \u010dlanov Dru\u0161tva upokojencev<\/td>\n<\/tr>\n<tr>\n<td>14.2.2013<\/td>\n<td>Grosuplje<\/td>\n<td>Revija Pevskih zborov<\/td>\n<\/tr>\n<tr>\n<td>8.2.2013<\/td>\n<td>Cerkev na Kopanju<\/td>\n<td>7.pohod po Pre\u0161ernovi poti<\/td>\n<\/tr>\n<tr>\n<td>6.1.2013<\/td>\n<td>\u0160marje-Sap<\/td>\n<td>Bo\u017ei\u010dni koncert<\/td>\n<\/tr>\n<tr>\n<td>20.12.2012<\/td>\n<td>Kamnik<\/td>\n<td>Veseli december<\/td>\n<\/tr>\n<tr>\n<td>20.10.2012<\/td>\n<td>Ilova gora<\/td>\n<td>Nastop ob 69. obletnici dramati\u010dnih bojev na Ilovi gori<\/td>\n<\/tr>\n<tr>\n<td>25.6.2012<\/td>\n<td>Mekinje pri Kamniku<\/td>\n<td>Nastop na prireditvi &#8220;Zadnji vojak&#8221;<\/td>\n<\/tr>\n<tr>\n<td>16.6.2012<\/td>\n<td>Bre\u017eice<\/td>\n<td>Nastop v cerkvi Sv.Barbare<\/td>\n<\/tr>\n<tr>\n<td>2.6.2012<\/td>\n<td>\u0160marje-Sap<\/td>\n<td>Zaklju\u010dek osmega akademskega leta UT\u017dO<\/td>\n<\/tr>\n<tr>\n<td>30.5.2012<\/td>\n<td>Ljubljana<\/td>\n<td>Ponovitev letnega koncerta v DSO na Fu\u017einah<\/td>\n<\/tr>\n<tr>\n<td>12.5.2012<\/td>\n<td>Medvode, cerkev sv. Marjete<\/td>\n<td>Pomladanski koncert<\/td>\n<\/tr>\n<tr>\n<td>26.4.2012<\/td>\n<td>Trbovlje<\/td>\n<td>Dan upora proti okupatorju<\/td>\n<\/tr>\n<tr>\n<td>31.3.2012<\/td>\n<td>Ljubljana<\/td>\n<td>Sre\u010danje Zveze veteranov za Slovenijo v Festivalni dvorani<\/td>\n<\/tr>\n<tr>\n<td>24.3.2012<\/td>\n<td>Komenda<\/td>\n<td>Nastop na prireditvi ob materinskem dnevu<\/td>\n<\/tr>\n<tr>\n<td>10.3.2012<\/td>\n<td>Grosuplje<\/td>\n<td>Letni koncert<\/td>\n<\/tr>\n<tr>\n<td>9.2.2012<\/td>\n<td>Grosuplje<\/td>\n<td>Revija pevskih zborov<\/td>\n<\/tr>\n<tr>\n<td>8.2.2012<\/td>\n<td>Dru\u017ebeni dom Grosuplje<\/td>\n<td>Vsi praznujemo pre\u0161erno<\/td>\n<\/tr>\n<tr>\n<td>8.2.2012<\/td>\n<td>Cerkev na Kopanju<\/td>\n<td>6.pohod po Pre\u0161ernovi poti<\/td>\n<\/tr>\n<tr>\n<td>26.11.2011<\/td>\n<td>Pol\u0161nik nad Litijo<\/td>\n<td>Samostojni koncert<\/td>\n<\/tr>\n<tr>\n<td>19.11.2011<\/td>\n<td>Festivalna dvorana, Ljubljana<\/td>\n<td>Festival partizanskih pesmi<\/td>\n<\/tr>\n<tr>\n<td>24.9.2011<\/td>\n<td>Grosuplje<\/td>\n<td>Zlata Jesen 2011<\/td>\n<\/tr>\n<tr>\n<td>20.8.2011<\/td>\n<td>\u0160entvid pri Sti\u010dni<\/td>\n<td>Nastop na prireditvi radia Zeleni val<\/td>\n<\/tr>\n<tr>\n<td>28.5.2011<\/td>\n<td>Cerkev sv. Ane Vi\u0161nja Gora<\/td>\n<td>Ponovitev letnega koncerta<\/td>\n<\/tr>\n<tr>\n<td>26.5.2011<\/td>\n<td>Ljubljana<\/td>\n<td>Koncert v Domu starej\u0161ih ob\u010danov Fu\u017eine<\/td>\n<\/tr>\n<tr>\n<td>18.5.2011<\/td>\n<td>Ljubljana<\/td>\n<td>Koncert na Onkolo\u0161kem in\u0161titutu<\/td>\n<\/tr>\n<tr>\n<td>13.5.2011<\/td>\n<td>Ljubljana<\/td>\n<td>Otvoritev \u0161portnega vrtca<\/td>\n<\/tr>\n<tr>\n<td>26.4.2011<\/td>\n<td>Grosuplje<\/td>\n<td>Prireditev ob dnevu OF<\/td>\n<\/tr>\n<tr>\n<td>16.4.2011<\/td>\n<td>Grosuplje<\/td>\n<td>Letni koncert<\/td>\n<\/tr>\n<tr>\n<td>25.3.2011<\/td>\n<td>Kri\u017e pri Komendi<\/td>\n<td>Koncert ob materinskem dnevu<\/td>\n<\/tr>\n<tr>\n<td>5.3.2011<\/td>\n<td>Videm-Dobrepolje<\/td>\n<td>Revija pevskih zborov<\/td>\n<\/tr>\n<tr>\n<td>18.2.2011<\/td>\n<td>\u0160entvid<\/td>\n<td>Pesem preprostih ljudi<\/td>\n<\/tr>\n<tr>\n<td>12.2.2011<\/td>\n<td>Predgrad pri \u010crnomlju<\/td>\n<td>Dobrodelni Valentinov koncert<\/td>\n<\/tr>\n<tr>\n<td>8.2.2011<\/td>\n<td>Cerkev na Kopanju<\/td>\n<td>5.pohod po Pre\u0161ernovi poti<\/td>\n<\/tr>\n<tr>\n<td>14.1.2011<\/td>\n<td>Evangeli\u010danska cerkev Primo\u017ea trubarja, Lj.<\/td>\n<td>Bo\u017ei\u010dno novoletni koncert<\/td>\n<\/tr>\n<tr>\n<td>30.12.2010<\/td>\n<td>Sv.Urh nad Horjulom<\/td>\n<td>Bo\u017ei\u010dni koncert<\/td>\n<\/tr>\n<tr>\n<td>27.12.2010<\/td>\n<td>Dobrova pri LJ.<\/td>\n<td>Bo\u017ei\u010dni koncert<\/td>\n<\/tr>\n<tr>\n<td>25.12.2010<\/td>\n<td>Grosuplje &#8211; Cerkev Sv.Mihaela<\/td>\n<td>Bo\u017ei\u010dni koncert<\/td>\n<\/tr>\n<tr>\n<td>16.12.2010<\/td>\n<td>Ljubljana<\/td>\n<td>Bo\u017ei\u010dni koncert &#8211; Dom starej\u0161ih ob\u010danov Fu\u017eine<\/td>\n<\/tr>\n<tr>\n<td>26.11.2010<\/td>\n<td>\u0160marje-Sap<\/td>\n<td>Nastop na prireditvi Obmo\u010dnega zdru\u017eenja Veteranov vojne za Slovenijo<\/td>\n<\/tr>\n<tr>\n<td>11.9.2010<\/td>\n<td>Kamnik<\/td>\n<td>Nastop na prireditvi Dnevi narodnih no\u0161<\/td>\n<\/tr>\n<tr>\n<td>4.9.2010<\/td>\n<td>Videm &#8211; Dobrepolje<\/td>\n<td>Nastop ob odkritju spominskega obele\u017eja Policijskega veteranskega dru\u0161tva Sever<\/td>\n<\/tr>\n<tr>\n<td>21.8.2010<\/td>\n<td>\u0160entvid pri Sti\u010dni<\/td>\n<td>Nastop na sre\u010danju obmo\u010dnega zdru\u017eenja vojnih veteranov<\/td>\n<\/tr>\n<tr>\n<td>24.6.2010<\/td>\n<td>Grosuplje<\/td>\n<td>Nastop na prireditvi grosupeljskih pevskih zborov Pod lipo<\/td>\n<\/tr>\n<tr>\n<td>15.6.2010<\/td>\n<td>Grosuplje<\/td>\n<td>Nastop na podelitvi Zlatih klju\u010dev Grosupljega<\/td>\n<\/tr>\n<tr>\n<td>29.5.2010<\/td>\n<td>Cerkev sv. Duha na Pol\u017eevem<\/td>\n<td>Zaklju\u010dek \u0161estega akademskega leta UT\u017dO<\/td>\n<\/tr>\n<tr>\n<td>12.5.2010<\/td>\n<td>Ljubljana<\/td>\n<td>Koncert v domu starej\u0161ih ob\u010danov na Fu\u017einah<\/td>\n<\/tr>\n<tr>\n<td>8.4.2010<\/td>\n<td>Mestna knji\u017enica Grosuplje<\/td>\n<td>Nastop na potopisnem predavanju &#8220;S kolesom po Trubarjevi poti&#8221;<\/td>\n<\/tr>\n<tr>\n<td>27.3.2010<\/td>\n<td>Grosuplje<\/td>\n<td>Letni koncert<\/td>\n<\/tr>\n<tr>\n<td>25.2.2010<\/td>\n<td>Grosuplje<\/td>\n<td>Revija pevskih zborov<\/td>\n<\/tr>\n<tr>\n<td>19.2.2010<\/td>\n<td>O\u0160 Ferda Vesela v Sti\u010dni pri \u0160entvidu<\/td>\n<td>Pesem preprostih ljudi<\/td>\n<\/tr>\n<tr>\n<td>23.12.2009<\/td>\n<td>Dru\u017ebeni dom Grosuplje<\/td>\n<td>Prireditev ob dnevu dr\u017eavnosti<\/td>\n<\/tr>\n<tr>\n<td>8.9.2009<\/td>\n<td>Mestna knji\u017enica Grosuplje<\/td>\n<td>80 let spominov in spominkov dr. Borisa Kuharja<\/td>\n<\/tr>\n<tr>\n<td>5.9.2009<\/td>\n<td>Grosuplje, pred mestno knji\u017enico<\/td>\n<td>Prireditev ob 100-letnici \u010cebelarskega dru\u0161tva Grosuplje<\/td>\n<\/tr>\n<tr>\n<td>1.9.2009<\/td>\n<td>Mestna knji\u017enica Grosuplje<\/td>\n<td>Prireditev ob predstavitvi zbornika \u010cebelarskega dru\u0161tva Grosuplje<\/td>\n<\/tr>\n<tr>\n<td>21.6.2009<\/td>\n<td>Cerkev na Kopanju<\/td>\n<td>Pevska zakuska \u017dVS Brinke<\/td>\n<\/tr>\n<tr>\n<td>30.5.2009<\/td>\n<td>Cerkev na Kopanju<\/td>\n<td>Zaklju\u010dek petega akademskega leta UT\u017dO<\/td>\n<\/tr>\n<tr>\n<td>21.5.2009<\/td>\n<td>Mestna knji\u017enica Grosuplje<\/td>\n<td>Odprtje fotografske razstave<\/td>\n<\/tr>\n<\/tbody>\n<\/table>\n","protected":false},"excerpt":{"rendered":"<p>Datum Lokacija Prireditev 4.3.2026 DSO \u0160i\u0161ka Pomladni koncert 8.1.2026 \u017dupnija Grosuplje Bo\u017ei\u010dni koncert 17.12.2025 \u017dupnija Rakovnik Bo\u017ei\u010dni koncert 25.10.2025 Velika Ilova Gora Spominska slovesnost ZB 27.9.2025 Veliki Korinj Spominska slovesnost ZB 24.9.2025 DSO Dobrepolje Koncert 20.6.2025 Grosuplje Pod lipo 7.6.2025 &hellip; <a href=\"http:\/\/www.brinke.si\/?page_id=211\">Beri naprej <span class=\"meta-nav\">&rarr;<\/span><\/a><\/p>\n","protected":false},"author":3,"featured_media":0,"parent":0,"menu_order":0,"comment_status":"closed","ping_status":"closed","template":"","meta":{"ngg_post_thumbnail":0,"footnotes":""},"class_list":["post-211","page","type-page","status-publish","hentry"],"_links":{"self":[{"href":"http:\/\/www.brinke.si\/index.php?rest_route=\/wp\/v2\/pages\/211","targetHints":{"allow":["GET"]}}],"collection":[{"href":"http:\/\/www.brinke.si\/index.php?rest_route=\/wp\/v2\/pages"}],"about":[{"href":"http:\/\/www.brinke.si\/index.php?rest_route=\/wp\/v2\/types\/page"}],"author":[{"embeddable":true,"href":"http:\/\/www.brinke.si\/index.php?rest_route=\/wp\/v2\/users\/3"}],"replies":[{"embeddable":true,"href":"http:\/\/www.brinke.si\/index.php?rest_route=%2Fwp%2Fv2%2Fcomments&post=211"}],"version-history":[{"count":149,"href":"http:\/\/www.brinke.si\/index.php?rest_route=\/wp\/v2\/pages\/211\/revisions"}],"predecessor-version":[{"id":3994,"href":"http:\/\/www.brinke.si\/index.php?rest_route=\/wp\/v2\/pages\/211\/revisions\/3994"}],"wp:attachment":[{"href":"http:\/\/www.brinke.si\/index.php?rest_route=%2Fwp%2Fv2%2Fmedia&parent=211"}],"curies":[{"name":"wp","href":"https:\/\/api.w.org\/{rel}","templated":true}]}}